{"id":2267,"date":"2022-11-15T11:56:58","date_gmt":"2022-11-15T10:56:58","guid":{"rendered":"https:\/\/protecno.fr\/?page_id=2267"},"modified":"2022-11-15T11:57:03","modified_gmt":"2022-11-15T10:57:03","slug":"dsgvo-formular-verwaltung-und-schutz-von-personenbezogenen-daten","status":"publish","type":"page","link":"https:\/\/protecno.fr\/de\/datenschutzerklaerung\/dsgvo-formular-verwaltung-und-schutz-von-personenbezogenen-daten\/","title":{"rendered":"DSGVO-FORMULAR - VERWALTUNG UND SCHUTZ VON PERSONENBEZOGENEN DATEN"},"content":{"rendered":"\n<p>Gem\u00e4\u00df der Allgemeinen Datenschutzverordnung (DSGVO) - zum Schutz nat\u00fcrlicher Personen bei der Verarbeitung personenbezogener Daten und zum freien Datenverkehr - k\u00f6nnen Sie mithilfe dieses Formulars Ihr Recht auf Zugang, Berichtigung und L\u00f6schung Ihrer personenbezogenen Daten aus unserem Informationssystem geltend machen.<\/p>\n\n\n<div role=\"form\" class=\"wpcf7\" id=\"wpcf7-f2190-o1\" lang=\"de-DE\" dir=\"ltr\">\n<div class=\"screen-reader-response\"><p role=\"status\" aria-live=\"polite\" aria-atomic=\"true\"><\/p> <ul><\/ul><\/div>\n<form action=\"\/de\/wp-json\/wp\/v2\/pages\/2267#wpcf7-f2190-o1\" method=\"post\" class=\"wpcf7-form init\" novalidate=\"novalidate\" data-status=\"init\">\n<div style=\"display: none;\">\n<input type=\"hidden\" name=\"_wpcf7\" value=\"2190\" \/>\n<input type=\"hidden\" name=\"_wpcf7_version\" value=\"5.5.6\" \/>\n<input type=\"hidden\" name=\"_wpcf7_locale\" value=\"de_DE\" \/>\n<input type=\"hidden\" name=\"_wpcf7_unit_tag\" value=\"wpcf7-f2190-o1\" \/>\n<input type=\"hidden\" name=\"_wpcf7_container_post\" value=\"0\" \/>\n<input type=\"hidden\" name=\"_wpcf7_posted_data_hash\" value=\"\" \/>\n<input type=\"hidden\" name=\"_wpcf7cf_hidden_group_fields\" value=\"\" \/>\n<input type=\"hidden\" name=\"_wpcf7cf_hidden_groups\" value=\"\" \/>\n<input type=\"hidden\" name=\"_wpcf7cf_visible_groups\" value=\"\" \/>\n<input type=\"hidden\" name=\"_wpcf7cf_repeaters\" value=\"[]\" \/>\n<input type=\"hidden\" name=\"_wpcf7cf_steps\" value=\"{}\" \/>\n<input type=\"hidden\" name=\"_wpcf7cf_options\" value=\"{&quot;form_id&quot;:2190,&quot;conditions&quot;:[],&quot;settings&quot;:{&quot;animation&quot;:&quot;yes&quot;,&quot;animation_intime&quot;:200,&quot;animation_outtime&quot;:200,&quot;conditions_ui&quot;:&quot;normal&quot;,&quot;notice_dismissed&quot;:false,&quot;regex_numeric&quot;:&quot;^[0-9]+$&quot;,&quot;regex_alphabetic&quot;:&quot;^[a-zA-Z]+$&quot;,&quot;regex_alphanumeric&quot;:&quot;^[a-zA-Z0-9]+$&quot;,&quot;regex_date&quot;:&quot;^(0?[1-9]|1[012])[- .](0?[1-9]|[12][0-9]|3[01])[- \\\/.](19|20)?[0-9]{2}$&quot;,&quot;regex_email&quot;:&quot;^[a-zA-Z0-9._%-]+@[a-zA-Z0-9.-]+.[a-zA-Z]{2,4}$&quot;,&quot;regex_numeric_label&quot;:&quot;numeric&quot;,&quot;regex_alphabetic_label&quot;:&quot;alphabetic&quot;,&quot;regex_alphanumeric_label&quot;:&quot;alphanumeric&quot;,&quot;regex_date_label&quot;:&quot;date&quot;,&quot;regex_email_label&quot;:&quot;email&quot;,&quot;regex_custom_1&quot;:&quot;&quot;,&quot;regex_custom_2&quot;:&quot;&quot;,&quot;regex_custom_3&quot;:&quot;&quot;,&quot;regex_custom_4&quot;:&quot;&quot;,&quot;regex_custom_5&quot;:&quot;&quot;,&quot;regex_custom_1_label&quot;:&quot;custom 1&quot;,&quot;regex_custom_2_label&quot;:&quot;custom 2&quot;,&quot;regex_custom_3_label&quot;:&quot;custom 3&quot;,&quot;regex_custom_4_label&quot;:&quot;custom 4&quot;,&quot;regex_custom_5_label&quot;:&quot;custom 5&quot;}}\" \/>\n<input type=\"hidden\" name=\"_wpcf7_recaptcha_response\" value=\"\" \/>\n<\/div>\n<span class=\"wpcf7-form-control-wrap nom\"><input type=\"text\" name=\"nom\" value=\"\" size=\"40\" class=\"wpcf7-form-control wpcf7-text wpcf7-validates-as-required\" aria-required=\"true\" aria-invalid=\"false\" placeholder=\"Nachname *\" \/><\/span>\n<span class=\"wpcf7-form-control-wrap email\"><input type=\"email\" name=\"email\" value=\"\" size=\"40\" class=\"wpcf7-form-control wpcf7-text wpcf7-email wpcf7-validates-as-required wpcf7-validates-as-email\" aria-required=\"true\" aria-invalid=\"false\" placeholder=\"Email *\" \/><\/span>\n<span class=\"wpcf7-form-control-wrap message\"><textarea name=\"message\" cols=\"40\" rows=\"10\" class=\"wpcf7-form-control wpcf7-textarea wpcf7-validates-as-required\" aria-required=\"true\" aria-invalid=\"false\" placeholder=\"Votre demande *\"><\/textarea><\/span>\n\n<span class=\"wpcf7-form-control-wrap consent\"><span class=\"wpcf7-form-control wpcf7-checkbox wpcf7-validates-as-required rgpd\"><span class=\"wpcf7-list-item first last\"><label><input type=\"checkbox\" name=\"consent[]\" value=\"Ich habe die Datenschutzerkl\u00e4rung dieser Seite gelesen und akzeptiere sie.\" \/><span class=\"wpcf7-list-item-label\">Ich habe die Datenschutzerkl\u00e4rung dieser Seite gelesen und akzeptiere sie.<\/span><\/label><\/span><\/span><\/span>\n<div class=\"wrap_msg_rgpd\"><\/div>\n\n<div class=\"wrap_submit\">\n<div class=\"wrap_btn_submit\">\n<input type=\"submit\" value=\"Envoyer\" class=\"wpcf7-form-control has-spinner wpcf7-submit\" \/>\n<\/div>\n<\/div><div class=\"wpcf7-response-output\" aria-hidden=\"true\"><\/div><\/form><\/div>\n","protected":false},"excerpt":{"rendered":"","protected":false},"author":1,"featured_media":0,"parent":2265,"menu_order":35,"comment_status":"closed","ping_status":"closed","template":"","meta":[],"yoast_head":"<!-- This site is optimized with the Yoast SEO plugin v18.3 - https:\/\/yoast.com\/wordpress\/plugins\/seo\/ -->\n<title>DSGVO-FORMULAR - VERWALTUNG UND SCHUTZ VON PERSONENBEZOGENEN DATEN - Protecno<\/title>\n<meta name=\"robots\" content=\"index, follow, max-snippet:-1, max-image-preview:large, max-video-preview:-1\" \/>\n<link rel=\"canonical\" href=\"https:\/\/protecno.fr\/de\/datenschutzerklaerung\/dsgvo-formular-verwaltung-und-schutz-von-personenbezogenen-daten\/\" \/>\n<meta property=\"og:locale\" content=\"de_DE\" \/>\n<meta property=\"og:type\" content=\"article\" \/>\n<meta property=\"og:title\" content=\"DSGVO-FORMULAR - VERWALTUNG UND SCHUTZ VON PERSONENBEZOGENEN DATEN - Protecno\" \/>\n<meta property=\"og:url\" content=\"https:\/\/protecno.fr\/de\/datenschutzerklaerung\/dsgvo-formular-verwaltung-und-schutz-von-personenbezogenen-daten\/\" \/>\n<meta property=\"og:site_name\" content=\"Protecno\" \/>\n<meta property=\"article:modified_time\" content=\"2022-11-15T10:57:03+00:00\" \/>\n<meta name=\"twitter:card\" content=\"summary_large_image\" \/>\n<meta name=\"twitter:label1\" content=\"Est. reading time\" \/>\n\t<meta name=\"twitter:data1\" content=\"1 Minute\" \/>\n<script type=\"application\/ld+json\" class=\"yoast-schema-graph\">{\"@context\":\"https:\/\/schema.org\",\"@graph\":[{\"@type\":\"Organization\",\"@id\":\"https:\/\/protecno.fr\/#organization\",\"name\":\"Protecno - Protecno, soci\u00e9t\u00e9 sp\u00e9cialis\u00e9e dans la fabrication de circuits imprim\u00e9s.\",\"url\":\"https:\/\/protecno.fr\/\",\"sameAs\":[\"https:\/\/www.youtube.com\/channel\/UCdwPiCfYz7YFj12rsmZSHZw\"],\"logo\":{\"@type\":\"ImageObject\",\"@id\":\"https:\/\/protecno.fr\/#logo\",\"inLanguage\":\"de-DE\",\"url\":\"https:\/\/protecno.fr\/wp-content\/uploads\/2021\/08\/logo-protecno.png\",\"contentUrl\":\"https:\/\/protecno.fr\/wp-content\/uploads\/2021\/08\/logo-protecno.png\",\"width\":420,\"height\":200,\"caption\":\"Protecno - Protecno, soci\u00e9t\u00e9 sp\u00e9cialis\u00e9e dans la fabrication de circuits imprim\u00e9s.\"},\"image\":{\"@id\":\"https:\/\/protecno.fr\/#logo\"}},{\"@type\":\"WebSite\",\"@id\":\"https:\/\/protecno.fr\/#website\",\"url\":\"https:\/\/protecno.fr\/\",\"name\":\"Protecno\",\"description\":\"Protecno, soci\u00e9t\u00e9 sp\u00e9cialis\u00e9e dans la fabrication de circuits imprim\u00e9s.\",\"publisher\":{\"@id\":\"https:\/\/protecno.fr\/#organization\"},\"potentialAction\":[{\"@type\":\"SearchAction\",\"target\":{\"@type\":\"EntryPoint\",\"urlTemplate\":\"https:\/\/protecno.fr\/?s={search_term_string}\"},\"query-input\":\"required name=search_term_string\"}],\"inLanguage\":\"de-DE\"},{\"@type\":\"WebPage\",\"@id\":\"https:\/\/protecno.fr\/de\/datenschutzerklaerung\/dsgvo-formular-verwaltung-und-schutz-von-personenbezogenen-daten\/#webpage\",\"url\":\"https:\/\/protecno.fr\/de\/datenschutzerklaerung\/dsgvo-formular-verwaltung-und-schutz-von-personenbezogenen-daten\/\",\"name\":\"DSGVO-FORMULAR - VERWALTUNG UND SCHUTZ VON PERSONENBEZOGENEN DATEN - Protecno\",\"isPartOf\":{\"@id\":\"https:\/\/protecno.fr\/#website\"},\"datePublished\":\"2022-11-15T10:56:58+00:00\",\"dateModified\":\"2022-11-15T10:57:03+00:00\",\"breadcrumb\":{\"@id\":\"https:\/\/protecno.fr\/de\/datenschutzerklaerung\/dsgvo-formular-verwaltung-und-schutz-von-personenbezogenen-daten\/#breadcrumb\"},\"inLanguage\":\"de-DE\",\"potentialAction\":[{\"@type\":\"ReadAction\",\"target\":[\"https:\/\/protecno.fr\/de\/datenschutzerklaerung\/dsgvo-formular-verwaltung-und-schutz-von-personenbezogenen-daten\/\"]}]},{\"@type\":\"BreadcrumbList\",\"@id\":\"https:\/\/protecno.fr\/de\/datenschutzerklaerung\/dsgvo-formular-verwaltung-und-schutz-von-personenbezogenen-daten\/#breadcrumb\",\"itemListElement\":[{\"@type\":\"ListItem\",\"position\":1,\"name\":\"Accueil\",\"item\":\"https:\/\/protecno.fr\/de\/\"},{\"@type\":\"ListItem\",\"position\":2,\"name\":\"Datenschutzerkl\u00e4rung\",\"item\":\"https:\/\/protecno.fr\/de\/datenschutzerklaerung\/\"},{\"@type\":\"ListItem\",\"position\":3,\"name\":\"DSGVO-FORMULAR - VERWALTUNG UND SCHUTZ VON PERSONENBEZOGENEN DATEN\"}]}]}<\/script>\n<!-- \/ Yoast SEO plugin. -->","yoast_head_json":{"title":"DSGVO-FORMULAR - VERWALTUNG UND SCHUTZ VON PERSONENBEZOGENEN DATEN - Protecno","robots":{"index":"index","follow":"follow","max-snippet":"max-snippet:-1","max-image-preview":"max-image-preview:large","max-video-preview":"max-video-preview:-1"},"canonical":"https:\/\/protecno.fr\/de\/datenschutzerklaerung\/dsgvo-formular-verwaltung-und-schutz-von-personenbezogenen-daten\/","og_locale":"de_DE","og_type":"article","og_title":"DSGVO-FORMULAR - VERWALTUNG UND SCHUTZ VON PERSONENBEZOGENEN DATEN - Protecno","og_url":"https:\/\/protecno.fr\/de\/datenschutzerklaerung\/dsgvo-formular-verwaltung-und-schutz-von-personenbezogenen-daten\/","og_site_name":"Protecno","article_modified_time":"2022-11-15T10:57:03+00:00","twitter_card":"summary_large_image","twitter_misc":{"Est. reading time":"1 Minute"},"schema":{"@context":"https:\/\/schema.org","@graph":[{"@type":"Organization","@id":"https:\/\/protecno.fr\/#organization","name":"Protecno - Protecno, soci\u00e9t\u00e9 sp\u00e9cialis\u00e9e dans la fabrication de circuits imprim\u00e9s.","url":"https:\/\/protecno.fr\/","sameAs":["https:\/\/www.youtube.com\/channel\/UCdwPiCfYz7YFj12rsmZSHZw"],"logo":{"@type":"ImageObject","@id":"https:\/\/protecno.fr\/#logo","inLanguage":"de-DE","url":"https:\/\/protecno.fr\/wp-content\/uploads\/2021\/08\/logo-protecno.png","contentUrl":"https:\/\/protecno.fr\/wp-content\/uploads\/2021\/08\/logo-protecno.png","width":420,"height":200,"caption":"Protecno - Protecno, soci\u00e9t\u00e9 sp\u00e9cialis\u00e9e dans la fabrication de circuits imprim\u00e9s."},"image":{"@id":"https:\/\/protecno.fr\/#logo"}},{"@type":"WebSite","@id":"https:\/\/protecno.fr\/#website","url":"https:\/\/protecno.fr\/","name":"Protecno","description":"Protecno, soci\u00e9t\u00e9 sp\u00e9cialis\u00e9e dans la fabrication de circuits imprim\u00e9s.","publisher":{"@id":"https:\/\/protecno.fr\/#organization"},"potentialAction":[{"@type":"SearchAction","target":{"@type":"EntryPoint","urlTemplate":"https:\/\/protecno.fr\/?s={search_term_string}"},"query-input":"required name=search_term_string"}],"inLanguage":"de-DE"},{"@type":"WebPage","@id":"https:\/\/protecno.fr\/de\/datenschutzerklaerung\/dsgvo-formular-verwaltung-und-schutz-von-personenbezogenen-daten\/#webpage","url":"https:\/\/protecno.fr\/de\/datenschutzerklaerung\/dsgvo-formular-verwaltung-und-schutz-von-personenbezogenen-daten\/","name":"DSGVO-FORMULAR - VERWALTUNG UND SCHUTZ VON PERSONENBEZOGENEN DATEN - Protecno","isPartOf":{"@id":"https:\/\/protecno.fr\/#website"},"datePublished":"2022-11-15T10:56:58+00:00","dateModified":"2022-11-15T10:57:03+00:00","breadcrumb":{"@id":"https:\/\/protecno.fr\/de\/datenschutzerklaerung\/dsgvo-formular-verwaltung-und-schutz-von-personenbezogenen-daten\/#breadcrumb"},"inLanguage":"de-DE","potentialAction":[{"@type":"ReadAction","target":["https:\/\/protecno.fr\/de\/datenschutzerklaerung\/dsgvo-formular-verwaltung-und-schutz-von-personenbezogenen-daten\/"]}]},{"@type":"BreadcrumbList","@id":"https:\/\/protecno.fr\/de\/datenschutzerklaerung\/dsgvo-formular-verwaltung-und-schutz-von-personenbezogenen-daten\/#breadcrumb","itemListElement":[{"@type":"ListItem","position":1,"name":"Accueil","item":"https:\/\/protecno.fr\/de\/"},{"@type":"ListItem","position":2,"name":"Datenschutzerkl\u00e4rung","item":"https:\/\/protecno.fr\/de\/datenschutzerklaerung\/"},{"@type":"ListItem","position":3,"name":"DSGVO-FORMULAR - VERWALTUNG UND SCHUTZ VON PERSONENBEZOGENEN DATEN"}]}]}},"acf":[],"_links":{"self":[{"href":"https:\/\/protecno.fr\/de\/wp-json\/wp\/v2\/pages\/2267"}],"collection":[{"href":"https:\/\/protecno.fr\/de\/wp-json\/wp\/v2\/pages"}],"about":[{"href":"https:\/\/protecno.fr\/de\/wp-json\/wp\/v2\/types\/page"}],"author":[{"embeddable":true,"href":"https:\/\/protecno.fr\/de\/wp-json\/wp\/v2\/users\/1"}],"replies":[{"embeddable":true,"href":"https:\/\/protecno.fr\/de\/wp-json\/wp\/v2\/comments?post=2267"}],"version-history":[{"count":1,"href":"https:\/\/protecno.fr\/de\/wp-json\/wp\/v2\/pages\/2267\/revisions"}],"predecessor-version":[{"id":2268,"href":"https:\/\/protecno.fr\/de\/wp-json\/wp\/v2\/pages\/2267\/revisions\/2268"}],"up":[{"embeddable":true,"href":"https:\/\/protecno.fr\/de\/wp-json\/wp\/v2\/pages\/2265"}],"wp:attachment":[{"href":"https:\/\/protecno.fr\/de\/wp-json\/wp\/v2\/media?parent=2267"}],"curies":[{"name":"wp","href":"https:\/\/api.w.org\/{rel}","templated":true}]}}