{"id":2272,"date":"2022-11-15T12:06:01","date_gmt":"2022-11-15T11:06:01","guid":{"rendered":"https:\/\/protecno.fr\/?page_id=2272"},"modified":"2022-11-15T12:06:06","modified_gmt":"2022-11-15T11:06:06","slug":"sitemap","status":"publish","type":"page","link":"https:\/\/protecno.fr\/de\/sitemap\/","title":{"rendered":"SITEMAP"},"content":{"rendered":"\n<p>Die komplette Baumstruktur der Website auf einen Blick.<\/p>\n\n\n<div class=\"wsp-container\"><h2 class=\"wsp-pages-title\">Pages<\/h2>\n<ul class=\"wsp-pages-list\">\n<li class=\"page_item page-item-2320\"><a href=\"https:\/\/protecno.fr\/de\/\">Protecno<\/a><\/li>\n<li class=\"page_item page-item-2259 page_item_has_children\"><a href=\"https:\/\/protecno.fr\/de\/vorstellung\/\">Vorstellung<\/a>\n<ul class='children'>\n\t<li class=\"page_item page-item-2261\"><a href=\"https:\/\/protecno.fr\/de\/vorstellung\/unsere-werte-und-verpflichtungen\/\">UNSERE WERTE UND VERPFLICHTUNGEN<\/a><\/li>\n\t<li class=\"page_item page-item-2263\"><a href=\"https:\/\/protecno.fr\/de\/vorstellung\/kennzahlen-geschichte\/\">KENNZAHLEN - GESCHICHTE<\/a><\/li>\n<\/ul>\n<\/li>\n<li class=\"page_item page-item-2283\"><a href=\"https:\/\/protecno.fr\/de\/ein-konto-erstellen\/\">EIN KONTO ERSTELLEN<\/a><\/li>\n<li class=\"page_item page-item-2281\"><a href=\"https:\/\/protecno.fr\/de\/anmeldung\/\">ANMELDUNG<\/a><\/li>\n<li class=\"page_item page-item-2278\"><a href=\"https:\/\/protecno.fr\/de\/kontaktieren-sie-uns\/\">Kontaktieren Sie uns<\/a><\/li>\n<li class=\"page_item page-item-2276\"><a href=\"https:\/\/protecno.fr\/de\/fordern-sie-ein-angebot-an\/\">FORDERN SIE EIN ANGEBOT AN<\/a><\/li>\n<li class=\"page_item page-item-2274\"><a href=\"https:\/\/protecno.fr\/de\/zertifizierungen\/\">Zertifizierungen<\/a><\/li>\n<li class=\"page_item page-item-2265 page_item_has_children\"><a href=\"https:\/\/protecno.fr\/de\/datenschutzerklaerung\/\">Datenschutzerkl\u00e4rung<\/a>\n<ul class='children'>\n\t<li class=\"page_item page-item-2267\"><a href=\"https:\/\/protecno.fr\/de\/datenschutzerklaerung\/dsgvo-formular-verwaltung-und-schutz-von-personenbezogenen-daten\/\">DSGVO-FORMULAR - VERWALTUNG UND SCHUTZ VON PERSONENBEZOGENEN DATEN<\/a><\/li>\n<\/ul>\n<\/li>\n<li class=\"page_item page-item-2269\"><a href=\"https:\/\/protecno.fr\/de\/impressum\/\">IMPRESSUM<\/a><\/li>\n<\/ul>\n<h2 class=\"wsp-posts-title\">Posts by category<\/h2>\n<ul class=\"wsp-posts-list\">\n\t<li><strong class=\"wsp-category-title\">Category: <a href=\"https:\/\/protecno.fr\/de\/unkategorisiert\/\">Unkategorisiert<\/a><\/strong>\n<ul class=\"wsp-posts-list\">\t\t<li class=\"wsp-post\"><a href=\"https:\/\/protecno.fr\/de\/unkategorisiert\/global-industrie-2021\/\">Global Industrie 2021<\/a><\/li>\n\t\t<li class=\"wsp-post\"><a href=\"https:\/\/protecno.fr\/de\/unkategorisiert\/le-bourget-2019\/\">Le Bourget 2019<\/a><\/li>\n<\/ul><\/li>\n<\/ul>\n<h2 class=\"wsp-cpt_marchess-title\">Einsatzbereiche<\/h2>\n<ul class=\"wsp-cpt_marchess-list\">\n<li><a href=\"https:\/\/protecno.fr\/de\/Einsatzbereiche\/luftfahrtindustrie\/\">Luftfahrtindustrie<\/a><\/li>\n<li><a href=\"https:\/\/protecno.fr\/de\/Einsatzbereiche\/industrie\/\">Industrie<\/a><\/li>\n<li><a href=\"https:\/\/protecno.fr\/de\/Einsatzbereiche\/raumfahrt\/\">Raumfahrt<\/a><\/li>\n<li><a href=\"https:\/\/protecno.fr\/de\/Einsatzbereiche\/forschung\/\">Forschung<\/a><\/li>\n<li><a href=\"https:\/\/protecno.fr\/de\/Einsatzbereiche\/ruestungsindustrie\/\">R\u00fcstungsindustrie<\/a><\/li>\n<\/ul>\n<h2 class=\"wsp-cpt_servicess-title\">Lei\u0301stungsangebot<\/h2>\n<ul class=\"wsp-cpt_servicess-list\">\n<li><a href=\"https:\/\/protecno.fr\/de\/unser-leistungsangebot\/beratung-betreuung-technisches-know-how\/\">Beratung, Betreuung, technisches Know-how<\/a><\/li>\n<li><a href=\"https:\/\/protecno.fr\/de\/unser-leistungsangebot\/prototyping\/\">Prototyping<\/a><\/li>\n<li><a href=\"https:\/\/protecno.fr\/de\/unser-leistungsangebot\/herstellung\/\">Herstellung<\/a><\/li>\n<\/ul>\n<\/div>\n","protected":false},"excerpt":{"rendered":"","protected":false},"author":1,"featured_media":0,"parent":0,"menu_order":40,"comment_status":"closed","ping_status":"closed","template":"","meta":[],"yoast_head":"<!-- This site is optimized with the Yoast SEO plugin v18.3 - https:\/\/yoast.com\/wordpress\/plugins\/seo\/ -->\n<title>SITEMAP - Protecno<\/title>\n<meta name=\"robots\" content=\"index, follow, max-snippet:-1, max-image-preview:large, max-video-preview:-1\" \/>\n<link rel=\"canonical\" href=\"https:\/\/protecno.fr\/de\/sitemap\/\" \/>\n<meta property=\"og:locale\" content=\"de_DE\" \/>\n<meta property=\"og:type\" content=\"article\" \/>\n<meta property=\"og:title\" content=\"SITEMAP - Protecno\" \/>\n<meta property=\"og:url\" content=\"https:\/\/protecno.fr\/de\/sitemap\/\" \/>\n<meta property=\"og:site_name\" content=\"Protecno\" \/>\n<meta property=\"article:modified_time\" content=\"2022-11-15T11:06:06+00:00\" \/>\n<meta name=\"twitter:card\" content=\"summary_large_image\" \/>\n<meta name=\"twitter:label1\" content=\"Est. reading time\" \/>\n\t<meta name=\"twitter:data1\" content=\"1 Minute\" \/>\n<script type=\"application\/ld+json\" class=\"yoast-schema-graph\">{\"@context\":\"https:\/\/schema.org\",\"@graph\":[{\"@type\":\"Organization\",\"@id\":\"https:\/\/protecno.fr\/#organization\",\"name\":\"Protecno - Protecno, soci\u00e9t\u00e9 sp\u00e9cialis\u00e9e dans la fabrication de circuits imprim\u00e9s.\",\"url\":\"https:\/\/protecno.fr\/\",\"sameAs\":[\"https:\/\/www.youtube.com\/channel\/UCdwPiCfYz7YFj12rsmZSHZw\"],\"logo\":{\"@type\":\"ImageObject\",\"@id\":\"https:\/\/protecno.fr\/#logo\",\"inLanguage\":\"de-DE\",\"url\":\"https:\/\/protecno.fr\/wp-content\/uploads\/2021\/08\/logo-protecno.png\",\"contentUrl\":\"https:\/\/protecno.fr\/wp-content\/uploads\/2021\/08\/logo-protecno.png\",\"width\":420,\"height\":200,\"caption\":\"Protecno - Protecno, soci\u00e9t\u00e9 sp\u00e9cialis\u00e9e dans la fabrication de circuits imprim\u00e9s.\"},\"image\":{\"@id\":\"https:\/\/protecno.fr\/#logo\"}},{\"@type\":\"WebSite\",\"@id\":\"https:\/\/protecno.fr\/#website\",\"url\":\"https:\/\/protecno.fr\/\",\"name\":\"Protecno\",\"description\":\"Protecno, soci\u00e9t\u00e9 sp\u00e9cialis\u00e9e dans la fabrication de circuits imprim\u00e9s.\",\"publisher\":{\"@id\":\"https:\/\/protecno.fr\/#organization\"},\"potentialAction\":[{\"@type\":\"SearchAction\",\"target\":{\"@type\":\"EntryPoint\",\"urlTemplate\":\"https:\/\/protecno.fr\/?s={search_term_string}\"},\"query-input\":\"required name=search_term_string\"}],\"inLanguage\":\"de-DE\"},{\"@type\":\"WebPage\",\"@id\":\"https:\/\/protecno.fr\/de\/sitemap\/#webpage\",\"url\":\"https:\/\/protecno.fr\/de\/sitemap\/\",\"name\":\"SITEMAP - Protecno\",\"isPartOf\":{\"@id\":\"https:\/\/protecno.fr\/#website\"},\"datePublished\":\"2022-11-15T11:06:01+00:00\",\"dateModified\":\"2022-11-15T11:06:06+00:00\",\"breadcrumb\":{\"@id\":\"https:\/\/protecno.fr\/de\/sitemap\/#breadcrumb\"},\"inLanguage\":\"de-DE\",\"potentialAction\":[{\"@type\":\"ReadAction\",\"target\":[\"https:\/\/protecno.fr\/de\/sitemap\/\"]}]},{\"@type\":\"BreadcrumbList\",\"@id\":\"https:\/\/protecno.fr\/de\/sitemap\/#breadcrumb\",\"itemListElement\":[{\"@type\":\"ListItem\",\"position\":1,\"name\":\"Accueil\",\"item\":\"https:\/\/protecno.fr\/de\/\"},{\"@type\":\"ListItem\",\"position\":2,\"name\":\"SITEMAP\"}]}]}<\/script>\n<!-- \/ Yoast SEO plugin. -->","yoast_head_json":{"title":"SITEMAP - Protecno","robots":{"index":"index","follow":"follow","max-snippet":"max-snippet:-1","max-image-preview":"max-image-preview:large","max-video-preview":"max-video-preview:-1"},"canonical":"https:\/\/protecno.fr\/de\/sitemap\/","og_locale":"de_DE","og_type":"article","og_title":"SITEMAP - Protecno","og_url":"https:\/\/protecno.fr\/de\/sitemap\/","og_site_name":"Protecno","article_modified_time":"2022-11-15T11:06:06+00:00","twitter_card":"summary_large_image","twitter_misc":{"Est. reading time":"1 Minute"},"schema":{"@context":"https:\/\/schema.org","@graph":[{"@type":"Organization","@id":"https:\/\/protecno.fr\/#organization","name":"Protecno - Protecno, soci\u00e9t\u00e9 sp\u00e9cialis\u00e9e dans la fabrication de circuits imprim\u00e9s.","url":"https:\/\/protecno.fr\/","sameAs":["https:\/\/www.youtube.com\/channel\/UCdwPiCfYz7YFj12rsmZSHZw"],"logo":{"@type":"ImageObject","@id":"https:\/\/protecno.fr\/#logo","inLanguage":"de-DE","url":"https:\/\/protecno.fr\/wp-content\/uploads\/2021\/08\/logo-protecno.png","contentUrl":"https:\/\/protecno.fr\/wp-content\/uploads\/2021\/08\/logo-protecno.png","width":420,"height":200,"caption":"Protecno - Protecno, soci\u00e9t\u00e9 sp\u00e9cialis\u00e9e dans la fabrication de circuits imprim\u00e9s."},"image":{"@id":"https:\/\/protecno.fr\/#logo"}},{"@type":"WebSite","@id":"https:\/\/protecno.fr\/#website","url":"https:\/\/protecno.fr\/","name":"Protecno","description":"Protecno, soci\u00e9t\u00e9 sp\u00e9cialis\u00e9e dans la fabrication de circuits imprim\u00e9s.","publisher":{"@id":"https:\/\/protecno.fr\/#organization"},"potentialAction":[{"@type":"SearchAction","target":{"@type":"EntryPoint","urlTemplate":"https:\/\/protecno.fr\/?s={search_term_string}"},"query-input":"required name=search_term_string"}],"inLanguage":"de-DE"},{"@type":"WebPage","@id":"https:\/\/protecno.fr\/de\/sitemap\/#webpage","url":"https:\/\/protecno.fr\/de\/sitemap\/","name":"SITEMAP - Protecno","isPartOf":{"@id":"https:\/\/protecno.fr\/#website"},"datePublished":"2022-11-15T11:06:01+00:00","dateModified":"2022-11-15T11:06:06+00:00","breadcrumb":{"@id":"https:\/\/protecno.fr\/de\/sitemap\/#breadcrumb"},"inLanguage":"de-DE","potentialAction":[{"@type":"ReadAction","target":["https:\/\/protecno.fr\/de\/sitemap\/"]}]},{"@type":"BreadcrumbList","@id":"https:\/\/protecno.fr\/de\/sitemap\/#breadcrumb","itemListElement":[{"@type":"ListItem","position":1,"name":"Accueil","item":"https:\/\/protecno.fr\/de\/"},{"@type":"ListItem","position":2,"name":"SITEMAP"}]}]}},"acf":[],"_links":{"self":[{"href":"https:\/\/protecno.fr\/de\/wp-json\/wp\/v2\/pages\/2272"}],"collection":[{"href":"https:\/\/protecno.fr\/de\/wp-json\/wp\/v2\/pages"}],"about":[{"href":"https:\/\/protecno.fr\/de\/wp-json\/wp\/v2\/types\/page"}],"author":[{"embeddable":true,"href":"https:\/\/protecno.fr\/de\/wp-json\/wp\/v2\/users\/1"}],"replies":[{"embeddable":true,"href":"https:\/\/protecno.fr\/de\/wp-json\/wp\/v2\/comments?post=2272"}],"version-history":[{"count":1,"href":"https:\/\/protecno.fr\/de\/wp-json\/wp\/v2\/pages\/2272\/revisions"}],"predecessor-version":[{"id":2273,"href":"https:\/\/protecno.fr\/de\/wp-json\/wp\/v2\/pages\/2272\/revisions\/2273"}],"wp:attachment":[{"href":"https:\/\/protecno.fr\/de\/wp-json\/wp\/v2\/media?parent=2272"}],"curies":[{"name":"wp","href":"https:\/\/api.w.org\/{rel}","templated":true}]}}