{"id":2199,"date":"2022-11-14T18:14:05","date_gmt":"2022-11-14T17:14:05","guid":{"rendered":"https:\/\/protecno.fr\/?page_id=2199"},"modified":"2022-11-14T22:54:42","modified_gmt":"2022-11-14T21:54:42","slug":"log-in","status":"publish","type":"page","link":"https:\/\/protecno.fr\/en\/log-in\/","title":{"rendered":"Log in"},"content":{"rendered":"<div id=\"wpmem_login\"><a id=\"login\"><\/a><form action=\"https:\/\/protecno.fr\/en\/log-in\/\" method=\"POST\" id=\"wpmem_login_form\" class=\"form\"><input type=\"hidden\" id=\"_wpmem_login_nonce\" name=\"_wpmem_login_nonce\" value=\"a117710097\" \/><input type=\"hidden\" name=\"_wp_http_referer\" value=\"\/en\/wp-json\/wp\/v2\/pages\/2199\" \/><fieldset><legend>Existing Users Log In<\/legend><label for=\"log\">Username or Email<\/label><div class=\"div_text\"><input name=\"log\" type=\"text\" id=\"log\" value=\"\" class=\"username\" required  \/><\/div><label for=\"pwd\">Password<\/label><div class=\"div_text\"><input name=\"pwd\" type=\"password\" id=\"pwd\" class=\"password\" required  \/><\/div><input name=\"redirect_to\" type=\"hidden\" value=\"https:\/\/protecno.fr\/en\/espace-membre\/\" \/><input name=\"a\" type=\"hidden\" value=\"login\" \/><div class=\"button_div\"><input name=\"rememberme\" type=\"checkbox\" id=\"rememberme\" value=\"forever\" \/>&nbsp;<label for=\"rememberme\">Remember Me<\/label>&nbsp;&nbsp;<input type=\"submit\" name=\"Submit\" value=\"Log In\" class=\"buttons\" \/><\/div><div class=\"link-text\"><span class=\"link-text-forgot\">Forgot password?&nbsp;<a href=\"https:\/\/protecno.fr\/espace-membre\/?a=pwdreset\">Click here to reset<\/a><\/span><\/div><\/fieldset><\/form><\/div>\n","protected":false},"excerpt":{"rendered":"","protected":false},"author":1,"featured_media":0,"parent":0,"menu_order":21,"comment_status":"closed","ping_status":"closed","template":"","meta":[],"yoast_head":"<!-- This site is optimized with the Yoast SEO plugin v18.3 - https:\/\/yoast.com\/wordpress\/plugins\/seo\/ -->\n<title>Log in - Protecno<\/title>\n<meta name=\"robots\" content=\"index, follow, max-snippet:-1, max-image-preview:large, max-video-preview:-1\" \/>\n<link rel=\"canonical\" href=\"https:\/\/protecno.fr\/en\/log-in\/\" \/>\n<meta property=\"og:locale\" content=\"en_US\" \/>\n<meta property=\"og:type\" content=\"article\" \/>\n<meta property=\"og:title\" content=\"Log in - Protecno\" \/>\n<meta property=\"og:url\" content=\"https:\/\/protecno.fr\/en\/log-in\/\" \/>\n<meta property=\"og:site_name\" content=\"Protecno\" \/>\n<meta property=\"article:modified_time\" content=\"2022-11-14T21:54:42+00:00\" \/>\n<meta name=\"twitter:card\" content=\"summary_large_image\" \/>\n<meta name=\"twitter:label1\" content=\"Est. reading time\" \/>\n\t<meta name=\"twitter:data1\" content=\"1 minute\" \/>\n<script type=\"application\/ld+json\" class=\"yoast-schema-graph\">{\"@context\":\"https:\/\/schema.org\",\"@graph\":[{\"@type\":\"Organization\",\"@id\":\"https:\/\/protecno.fr\/#organization\",\"name\":\"Protecno - Protecno, soci\u00e9t\u00e9 sp\u00e9cialis\u00e9e dans la fabrication de circuits imprim\u00e9s.\",\"url\":\"https:\/\/protecno.fr\/\",\"sameAs\":[\"https:\/\/www.youtube.com\/channel\/UCdwPiCfYz7YFj12rsmZSHZw\"],\"logo\":{\"@type\":\"ImageObject\",\"@id\":\"https:\/\/protecno.fr\/#logo\",\"inLanguage\":\"en-US\",\"url\":\"https:\/\/protecno.fr\/wp-content\/uploads\/2021\/08\/logo-protecno.png\",\"contentUrl\":\"https:\/\/protecno.fr\/wp-content\/uploads\/2021\/08\/logo-protecno.png\",\"width\":420,\"height\":200,\"caption\":\"Protecno - Protecno, soci\u00e9t\u00e9 sp\u00e9cialis\u00e9e dans la fabrication de circuits imprim\u00e9s.\"},\"image\":{\"@id\":\"https:\/\/protecno.fr\/#logo\"}},{\"@type\":\"WebSite\",\"@id\":\"https:\/\/protecno.fr\/#website\",\"url\":\"https:\/\/protecno.fr\/\",\"name\":\"Protecno\",\"description\":\"Protecno, soci\u00e9t\u00e9 sp\u00e9cialis\u00e9e dans la fabrication de circuits imprim\u00e9s.\",\"publisher\":{\"@id\":\"https:\/\/protecno.fr\/#organization\"},\"potentialAction\":[{\"@type\":\"SearchAction\",\"target\":{\"@type\":\"EntryPoint\",\"urlTemplate\":\"https:\/\/protecno.fr\/?s={search_term_string}\"},\"query-input\":\"required name=search_term_string\"}],\"inLanguage\":\"en-US\"},{\"@type\":\"WebPage\",\"@id\":\"https:\/\/protecno.fr\/en\/log-in\/#webpage\",\"url\":\"https:\/\/protecno.fr\/en\/log-in\/\",\"name\":\"Log in - Protecno\",\"isPartOf\":{\"@id\":\"https:\/\/protecno.fr\/#website\"},\"datePublished\":\"2022-11-14T17:14:05+00:00\",\"dateModified\":\"2022-11-14T21:54:42+00:00\",\"breadcrumb\":{\"@id\":\"https:\/\/protecno.fr\/en\/log-in\/#breadcrumb\"},\"inLanguage\":\"en-US\",\"potentialAction\":[{\"@type\":\"ReadAction\",\"target\":[\"https:\/\/protecno.fr\/en\/log-in\/\"]}]},{\"@type\":\"BreadcrumbList\",\"@id\":\"https:\/\/protecno.fr\/en\/log-in\/#breadcrumb\",\"itemListElement\":[{\"@type\":\"ListItem\",\"position\":1,\"name\":\"Accueil\",\"item\":\"https:\/\/protecno.fr\/en\/\"},{\"@type\":\"ListItem\",\"position\":2,\"name\":\"Log in\"}]}]}<\/script>\n<!-- \/ Yoast SEO plugin. -->","yoast_head_json":{"title":"Log in - Protecno","robots":{"index":"index","follow":"follow","max-snippet":"max-snippet:-1","max-image-preview":"max-image-preview:large","max-video-preview":"max-video-preview:-1"},"canonical":"https:\/\/protecno.fr\/en\/log-in\/","og_locale":"en_US","og_type":"article","og_title":"Log in - Protecno","og_url":"https:\/\/protecno.fr\/en\/log-in\/","og_site_name":"Protecno","article_modified_time":"2022-11-14T21:54:42+00:00","twitter_card":"summary_large_image","twitter_misc":{"Est. reading time":"1 minute"},"schema":{"@context":"https:\/\/schema.org","@graph":[{"@type":"Organization","@id":"https:\/\/protecno.fr\/#organization","name":"Protecno - Protecno, soci\u00e9t\u00e9 sp\u00e9cialis\u00e9e dans la fabrication de circuits imprim\u00e9s.","url":"https:\/\/protecno.fr\/","sameAs":["https:\/\/www.youtube.com\/channel\/UCdwPiCfYz7YFj12rsmZSHZw"],"logo":{"@type":"ImageObject","@id":"https:\/\/protecno.fr\/#logo","inLanguage":"en-US","url":"https:\/\/protecno.fr\/wp-content\/uploads\/2021\/08\/logo-protecno.png","contentUrl":"https:\/\/protecno.fr\/wp-content\/uploads\/2021\/08\/logo-protecno.png","width":420,"height":200,"caption":"Protecno - Protecno, soci\u00e9t\u00e9 sp\u00e9cialis\u00e9e dans la fabrication de circuits imprim\u00e9s."},"image":{"@id":"https:\/\/protecno.fr\/#logo"}},{"@type":"WebSite","@id":"https:\/\/protecno.fr\/#website","url":"https:\/\/protecno.fr\/","name":"Protecno","description":"Protecno, soci\u00e9t\u00e9 sp\u00e9cialis\u00e9e dans la fabrication de circuits imprim\u00e9s.","publisher":{"@id":"https:\/\/protecno.fr\/#organization"},"potentialAction":[{"@type":"SearchAction","target":{"@type":"EntryPoint","urlTemplate":"https:\/\/protecno.fr\/?s={search_term_string}"},"query-input":"required name=search_term_string"}],"inLanguage":"en-US"},{"@type":"WebPage","@id":"https:\/\/protecno.fr\/en\/log-in\/#webpage","url":"https:\/\/protecno.fr\/en\/log-in\/","name":"Log in - Protecno","isPartOf":{"@id":"https:\/\/protecno.fr\/#website"},"datePublished":"2022-11-14T17:14:05+00:00","dateModified":"2022-11-14T21:54:42+00:00","breadcrumb":{"@id":"https:\/\/protecno.fr\/en\/log-in\/#breadcrumb"},"inLanguage":"en-US","potentialAction":[{"@type":"ReadAction","target":["https:\/\/protecno.fr\/en\/log-in\/"]}]},{"@type":"BreadcrumbList","@id":"https:\/\/protecno.fr\/en\/log-in\/#breadcrumb","itemListElement":[{"@type":"ListItem","position":1,"name":"Accueil","item":"https:\/\/protecno.fr\/en\/"},{"@type":"ListItem","position":2,"name":"Log in"}]}]}},"acf":[],"_links":{"self":[{"href":"https:\/\/protecno.fr\/en\/wp-json\/wp\/v2\/pages\/2199"}],"collection":[{"href":"https:\/\/protecno.fr\/en\/wp-json\/wp\/v2\/pages"}],"about":[{"href":"https:\/\/protecno.fr\/en\/wp-json\/wp\/v2\/types\/page"}],"author":[{"embeddable":true,"href":"https:\/\/protecno.fr\/en\/wp-json\/wp\/v2\/users\/1"}],"replies":[{"embeddable":true,"href":"https:\/\/protecno.fr\/en\/wp-json\/wp\/v2\/comments?post=2199"}],"version-history":[{"count":2,"href":"https:\/\/protecno.fr\/en\/wp-json\/wp\/v2\/pages\/2199\/revisions"}],"predecessor-version":[{"id":2241,"href":"https:\/\/protecno.fr\/en\/wp-json\/wp\/v2\/pages\/2199\/revisions\/2241"}],"wp:attachment":[{"href":"https:\/\/protecno.fr\/en\/wp-json\/wp\/v2\/media?parent=2199"}],"curies":[{"name":"wp","href":"https:\/\/api.w.org\/{rel}","templated":true}]}}